{"id":93,"date":"2016-10-06T21:42:45","date_gmt":"2016-10-06T21:42:45","guid":{"rendered":"http:\/\/tischlermeister-meyer.de\/web\/?page_id=93"},"modified":"2026-01-26T13:19:41","modified_gmt":"2026-01-26T13:19:41","slug":"kontakt","status":"publish","type":"page","link":"https:\/\/www.tischlermeister-meyer.de\/?page_id=93","title":{"rendered":"Kontakt"},"content":{"rendered":"\n<h1 class=\"wp-block-heading\">In Kontakt bleiben.<\/h1>\n\n\n\n<h1 class=\"wp-block-heading\">Tischlermeister Hilmar Meyer<\/h1>\n\n\n\n<p class=\"has-text-align-center\">Ihre Zufriedenheit ist unser Ziel!<\/p>\n\n\n\n<div class=\"wp-block-group\"><div class=\"wp-block-group__inner-container is-layout-constrained wp-block-group-is-layout-constrained\">\n<p><a href=\"mailto:Info@tischlermeister-meyer.de\">Info@tischlermeister-meyer.de<\/a><\/p>\n\n\n\n<p>Telefon: <a href=\"tel:053759822237\">+49 5375 9822237<\/a><br> Mobil: <a href=\"tel:01631649816\">+49 163 1649816<\/a><\/p>\n\n\n\n<p>Tischlermeister Hilmar Meyer<br>Am Eichengrund 11<br>38539 M\u00fcden OT Hahnenhorn<\/p>\n\n\n\n<p>\u00d6ffnungszeiten Werkstatt<br>\n7:00 Uhr bis 17:00 Uhr<br>\nF\u00fcr B\u00fcrozeiten bitte<br>\neinen Termin ausmachen<\/p>\n<\/div><\/div>\n","protected":false},"excerpt":{"rendered":"<p>In Kontakt bleiben. Tischlermeister Hilmar Meyer Ihre Zufriedenheit ist unser Ziel! Info@tischlermeister-meyer.de Telefon: +49 5375 9822237 Mobil: +49 163 1649816 Tischlermeister Hilmar MeyerAm Eichengrund 1138539 M\u00fcden OT Hahnenhorn \u00d6ffnungszeiten Werkstatt 7:00 Uhr bis 17:00 Uhr F\u00fcr B\u00fcrozeiten bitte einen Termin &hellip; <a href=\"https:\/\/www.tischlermeister-meyer.de\/?page_id=93\">Weiterlesen <span class=\"meta-nav\">&rarr;<\/span><\/a><\/p>\n","protected":false},"author":1,"featured_media":0,"parent":0,"menu_order":0,"comment_status":"closed","ping_status":"closed","template":"","meta":{"footnotes":""},"class_list":["post-93","page","type-page","status-publish","hentry"],"_links":{"self":[{"href":"https:\/\/www.tischlermeister-meyer.de\/index.php?rest_route=\/wp\/v2\/pages\/93","targetHints":{"allow":["GET"]}}],"collection":[{"href":"https:\/\/www.tischlermeister-meyer.de\/index.php?rest_route=\/wp\/v2\/pages"}],"about":[{"href":"https:\/\/www.tischlermeister-meyer.de\/index.php?rest_route=\/wp\/v2\/types\/page"}],"author":[{"embeddable":true,"href":"https:\/\/www.tischlermeister-meyer.de\/index.php?rest_route=\/wp\/v2\/users\/1"}],"replies":[{"embeddable":true,"href":"https:\/\/www.tischlermeister-meyer.de\/index.php?rest_route=%2Fwp%2Fv2%2Fcomments&post=93"}],"version-history":[{"count":33,"href":"https:\/\/www.tischlermeister-meyer.de\/index.php?rest_route=\/wp\/v2\/pages\/93\/revisions"}],"predecessor-version":[{"id":2025,"href":"https:\/\/www.tischlermeister-meyer.de\/index.php?rest_route=\/wp\/v2\/pages\/93\/revisions\/2025"}],"wp:attachment":[{"href":"https:\/\/www.tischlermeister-meyer.de\/index.php?rest_route=%2Fwp%2Fv2%2Fmedia&parent=93"}],"curies":[{"name":"wp","href":"https:\/\/api.w.org\/{rel}","templated":true}]}}