{"id":80,"date":"2016-10-06T20:16:11","date_gmt":"2016-10-06T20:16:11","guid":{"rendered":"http:\/\/tischlermeister-meyer.de\/web\/?page_id=80"},"modified":"2022-10-31T16:49:26","modified_gmt":"2022-10-31T16:49:26","slug":"impressum","status":"publish","type":"page","link":"https:\/\/www.tischlermeister-meyer.de\/?page_id=80","title":{"rendered":"Impressum"},"content":{"rendered":"<h1 style=\"text-align: center;\">Tischlermeister Hilmar Meyer<\/h1>\n<p style=\"text-align: center;\">Ihre Zufriedenheit ist unser Ziel!<\/p>\n<div id=\"pl-80\" class=\"panel-layout\">\n<div id=\"pg-80-0\" class=\"panel-grid panel-no-style\" data-style=\"{&quot;background_image_attachment&quot;:false,&quot;background_display&quot;:&quot;tile&quot;,&quot;cell_alignment&quot;:&quot;flex-start&quot;}\">\n<div id=\"pgc-80-0-0\" class=\"panel-grid-cell\" data-weight=\"1\">\n<div id=\"panel-80-0-0-0\" class=\"so-panel widget widget_sow-editor panel-first-child panel-last-child\" data-index=\"0\" data-style=\"{&quot;background_image_attachment&quot;:false,&quot;background_display&quot;:&quot;tile&quot;}\">\n<div class=\"so-widget-sow-editor so-widget-sow-editor-base\">\n<div class=\"siteorigin-widget-tinymce textwidget\">\n<h2><strong>Impressum<\/strong><\/h2>\n<p>Angaben gem\u00e4\u00df \u00a7 5 TMG:<\/p>\n<p>Tischlerei Meyer<\/p>\n<p>Hilmar Meyer<\/p>\n<p>Am Eichengrund 11<\/p>\n<p>38539 M\u00fcden\u00a0 OT Hahnenhorn<\/p>\n<p>Telekommunikation<\/p>\n<p>Telefon: (0 53 75) 9 82 22 37<\/p>\n<p>Telefax: (0 53 75) 9 82 22 38<\/p>\n<p>Mobil:\u00a0\u00a0\u00a0 (01 63) 1 64 98 16<\/p>\n<p>Onlinekontakt<\/p>\n<p>Mail:\u00a0 info@tischlermeister-meyer.de<\/p>\n<p>Umsatzsteuer-Identifikationsnummer gem\u00e4\u00df \u00a727 a Umsatzsteuergesetz:<\/p>\n<p>DE244259620<\/p>\n<p>Berufsbezeichnung und berufsrechtliche Regelungen<\/p>\n<p>Berufsbezeichnung:<\/p>\n<p>Tischlermeister<\/p>\n<p>Zust\u00e4ndige Kammer: Handwerkskammer Braunschweig-L\u00fcneburg-Stade<\/p>\n<p>Verliehen durch: Deutschland<\/p>\n<p>Es gelten folgende berufsrechtliche Regelungen: Handwerksordnung<\/p>\n<p>Regelungen einsehbar unter: <a href=\"http:\/\/www.gesetze-im-internet.de\/hwo\/index.html\">http:\/\/www.gesetze-im-internet.de\/hwo\/index.html<\/a><\/p>\n<p>Verantwortlich f\u00fcr den Inhalt nach \u00a7 55 Abs. 2 RStV:<\/p>\n<p>Herr Hilmar Meyer<\/p>\n<p>Anschrift wie oben angegeben.<\/p>\n<p>Streitschlichtung<\/p>\n<p>Die Europ\u00e4ische Kommission stellt eine Plattform zur Online-Streitbeilegung (OS) bereit: <a href=\"https:\/\/ec.europa.eu\/consumers\/odr\">https:\/\/ec.europa.eu\/consumers\/odr<\/a><\/p>\n<p>Wir sind nicht bereit oder verpflichtet, an Streitbeilegungsverfahren vor einer Verbraucherschlichtungsstelle teilzunehmen. Streitigkeiten \u00fcber den geschlossenen Vertrag und dessen Ausf\u00fchrung k\u00f6nnen vor der Vermittlungsstelle der Handwerkskammer Braunschweig-L\u00fcneburg-Stade, <a href=\"https:\/\/www.hwk-bls.de\/de\/service-center\/schieds-und-schlichtungsstelle\">https:\/\/www.hwk-bls.de\/de\/service-center\/schieds-und-schlichtungsstelle<\/a><\/p>\n<p>oder bei der IHK Braunschweig <a href=\"https:\/\/www.braunschweig.ihk.de\/geschaeftsfelder\/recht\/schlichtung.html%23c15800%20\">https:\/\/www.braunschweig.ihk.de\/geschaeftsfelder\/recht\/schlichtung.html#c15800<\/a><\/p>\n<p>verhandelt werden.<\/p>\n<p>Quelle: Impressum-Generator von anwalt.de<\/p>\n<p>Haftungsausschluss (Disclaimer)<\/p>\n<p>Haftung f\u00fcr Inhalte<\/p>\n<p>Als Diensteanbieter sind wir gem\u00e4\u00df \u00a7 7 Abs.1 TMG f\u00fcr eigene Inhalte auf diesen Seiten nach den allgemeinen Gesetzen verantwortlich. Nach \u00a7\u00a7 8 bis 10 TMG sind wir als Diensteanbieter jedoch nicht verpflichtet, \u00fcbermittelte oder gespeicherte fremde Informationen zu \u00fcberwachen oder nach Umst\u00e4nden zu forschen, die auf eine rechtswidrige T\u00e4tigkeit hinweisen.<\/p>\n<p>Verpflichtungen zur Entfernung oder Sperrung der Nutzung von Informationen nach den allgemeinen Gesetzen bleiben hiervon unber\u00fchrt. Eine diesbez\u00fcgliche Haftung ist jedoch erst ab dem Zeitpunkt der Kenntnis einer konkreten Rechtsverletzung m\u00f6glich. Bei Bekanntwerden von entsprechenden Rechtsverletzungen werden wir diese Inhalte umgehend entfernen.<\/p>\n<p>Haftung f\u00fcr Links<\/p>\n<p>Unser Angebot enth\u00e4lt Links zu externen Webseiten Dritter, auf deren Inhalte wir keinen Einfluss haben. Deshalb k\u00f6nnen wir f\u00fcr diese fremden Inhalte auch keine Gew\u00e4hr \u00fcbernehmen. F\u00fcr die Inhalte der verlinkten Seiten ist stets der jeweilige Anbieter oder Betreiber der Seiten verantwortlich. Die verlinkten Seiten wurden zum Zeitpunkt der Verlinkung auf m\u00f6gliche Rechtsverst\u00f6\u00dfe \u00fcberpr\u00fcft. Rechtswidrige Inhalte waren zum Zeitpunkt der Verlinkung nicht erkennbar. Eine permanente inhaltliche Kontrolle der verlinkten Seiten ist jedoch ohne konkrete Anhaltspunkte einer Rechtsverletzung nicht zumutbar. Bei Bekanntwerden von Rechtsverletzungen werden wir derartige Links umgehend entfernen.<\/p>\n<p>Urheberrecht<\/p>\n<p>Die durch die Seitenbetreiber erstellten Inhalte und Werke auf diesen Seiten unterliegen dem deutschen Urheberrecht. Die Vervielf\u00e4ltigung, Bearbeitung, Verbreitung und jede Art der Verwertung au\u00dferhalb der Grenzen des Urheberrechtes bed\u00fcrfen der schriftlichen Zustimmung des jeweiligen Autors bzw. Erstellers. Downloads und Kopien dieser Seite sind nur f\u00fcr den privaten, nicht kommerziellen Gebrauch gestattet. Soweit die Inhalte auf dieser Seite nicht vom Betreiber erstellt wurden, werden die Urheberrechte Dritter beachtet. Insbesondere werden Inhalte Dritter als solche gekennzeichnet. Sollten Sie trotzdem auf eine Urheberrechtsverletzung aufmerksam werden, bitten wir um einen entsprechenden Hinweis. Bei Bekanntwerden von Rechtsverletzungen werden wir derartige Inhalte umgehend entfernen.<\/p>\n<p><strong>Datenschutzerkl\u00e4rung \u00a0<a href=\"http:\/\/tischlermeister-meyer.de\/wp-content\/uploads\/2018\/05\/Datenschutzerkl\u00e4rungTischler-Meyer.pdf\">(Hier k\u00f6nnen Sie die Datenschutzerkl\u00e4rung als PDF Datei herunterladen)<\/a><\/strong><\/p>\n<p><strong>Anbieter und verantwortliche Stelle im Sinne des Datenschutzgesetzes<\/strong><\/p>\n<p>Tischlerei Meyer<\/p>\n<p>Hilmar Meyer<\/p>\n<p>Am Eichengrund 11<\/p>\n<p>38539 M\u00fcden \u00a0OT Hahnenhorn<\/p>\n<p><strong>Geltungsbereich<\/strong><\/p>\n<p>Nutzer erhalten mit dieser Datenschutzerkl\u00e4rung Information \u00fcber die Art, den Umfang und Zweck der Erhebung und Verwendung ihrer Daten durch den verantwortlichen Anbieter.<\/p>\n<p>Den rechtlichen Rahmen f\u00fcr den Datenschutz bilden die Datenschutzgrundverordnung (DSGVO), das Bundesdatenschutzgesetz (BDSG) und das Telemediengesetz (TMG).<\/p>\n<p><strong>Erfassung allgemeiner Informationen<\/strong><\/p>\n<p>Mit jedem Zugriff auf dieses Angebot werden durch uns bzw. den Webspace-Provider automatisch Informationen erfasst. Diese Informationen, auch als Server-Logfiles bezeichnet, sind allgemeiner Natur und erlauben keine R\u00fcckschl\u00fcsse auf Ihre Person.<\/p>\n<p>Erfasst werden unter anderem: Name der Webseite, Datei, Datum, Datenmenge, Webbrowser und Webbrowser-Version, Betriebssystem, der Domainname Ihres Internet-Providers, die sogenannte Referrer-URL (jene Seite, von der aus Sie auf unser Angebot zugegriffen haben) und die IP-Adresse.<\/p>\n<p>Ohne diese Daten w\u00e4re es technisch teils nicht m\u00f6glich, die Inhalte der Webseite auszuliefern und darzustellen. Insofern ist die Erfassung der Daten zwingend notwendig. Dar\u00fcber hinaus verwenden wir die anonymen Informationen f\u00fcr statistische Zwecke. Sie helfen uns bei der Optimierung des Angebots und der Technik. Wir behalten uns zudem das Recht vor, die Log-Files bei Verdacht auf eine rechtswidrige Nutzung unseres Angebotes nachtr\u00e4glich zu kontrollieren.<\/p>\n<p><strong>Umgang mit personenbezogenen Daten<\/strong><\/p>\n<p>Definition: Als personenbezogene Daten gelten alle Informationen, anhand derer eine Person eindeutig identifizierbar ist. Es handelt sich somit um Daten, die zu einer Person zur\u00fcckverfolgt werden k\u00f6nnen.<\/p>\n<p>Zu diesen personenbezogenen Daten z\u00e4hlen der Vorname und der Name, die Telefonnummer sowie die E-Mail-Adresse. Ebenso als personenbezogene Daten gelten Informationen zu Hobbies, Mitgliedschaften und Vorlieben sowie Internetseiten, die aufgerufen wurden.<\/p>\n<p>Diese Daten werden vom Anbieter nur erhoben, genutzt und gegebenenfalls weitergegeben, sofern der Gesetzgeber dies ausdr\u00fccklich erlaubt oder aber der Nutzer in die Erhebung, Bearbeitung, Nutzung und Weitergabe der Daten einwilligt.<\/p>\n<p><strong>Kommentarfunktion<\/strong><\/p>\n<p>Werden Kommentare oder sonstige Beitr\u00e4ge auf unserem Angebot verfasst und ver\u00f6ffentlicht, speichern wir die IP-Adresse, den Nutzernamen und den Zeitpunkt der Erstellung. Diese Daten werden aus Sicherheitsgr\u00fcnden erhoben, da der Anbieter f\u00fcr rechtswidrige Inhalte (verbotene Propaganda, Beleidigungen u.a.) belangt werden kann, auch wenn sie von dritter Seite erstellt wurden. In einem solchen Fall dienen die Informationen dazu, die Identit\u00e4t des Verfassers zu ermitteln.<\/p>\n<p><strong>Newsletter<\/strong><\/p>\n<p>Melden Sie sich f\u00fcr unseren Newsletter an, verwenden wir die von Ihnen eingegebenen Daten ausschlie\u00dflich f\u00fcr diesen Zweck oder um sie \u00fcber die f\u00fcr diesen Dienst oder die Registrierung relevanten Umst\u00e4nde zu informieren. Diese Daten geben wir nicht an Dritte weiter.<\/p>\n<p>F\u00fcr den Empfang des Newsletters bedarf es einer validen (g\u00fcltigen) E-Mail-Adresse. Gespeichert werden zudem die IP-Adresse, \u00fcber die Sie sich f\u00fcr den Newsletter anmelden und das Datum, an dem Sie den Newsletter bestellen. Diese Daten dienen uns als Nachweis bei Missbrauch, falls eine fremde E-Mail-Adresse f\u00fcr den Newsletter angemeldet wird. Um dar\u00fcber hinaus sicherzustellen, dass eine E-Mail-Adresse nicht missbr\u00e4uchlich durch Dritte in unseren Verteiler eingetragen wird, arbeiten wir gesetzeskonform mit dem sogenannten \u201eDouble-Opt-In\u201c-Verfahren. Im Rahmen dieses Verfahren werden die Bestellung des Newsletters, der Versand der Best\u00e4tigungsmail und der Erhalt der Anmeldebest\u00e4tigung protokolliert.<\/p>\n<p>Sie haben jederzeit die M\u00f6glichkeit, Ihre Einwilligung zur Speicherung der Daten, Ihrer E-Mail-Adresse und deren Nutzung f\u00fcr den Newsletter-Versand zu widerrufen. F\u00fcr den Widerruf stellen wir Ihnen in jedem Newsletter und auf der Webseite einen Link zur Verf\u00fcgung. Sie haben au\u00dferdem die M\u00f6glichkeit, uns Ihren Widerrufswunsch \u00fcber die in diesem Dokument genannten Kontaktm\u00f6glichkeiten mitzuteilen.<\/p>\n<p><strong>Kontaktformular<\/strong><\/p>\n<p>Wenn Sie uns \u00fcber das Onlineformular oder per E-Mail kontaktieren, speichern wir die von Ihnen gemachten Angaben, um Ihre Anfrage beantworten und m\u00f6gliche Anschlussfragen stellen zu k\u00f6nnen.<\/p>\n<p><strong>\u00a0<\/strong><\/p>\n<p><strong>Einbindung von Diensten und Inhalten Dritter<\/strong><\/p>\n<p>Unser Angebot umfasst mitunter Inhalte, Dienste und Leistungen anderer Anbieter. Das sind zum Beispiel Karten, die von Google-Maps zur Verf\u00fcgung gestellt werden, Videos von YouTube sowie Grafiken und Bilder anderer Webseiten. Damit diese Daten im Browser des Nutzers aufgerufen und dargestellt werden k\u00f6nnen, ist die \u00dcbermittlung der IP-Adresse zwingend notwendig. Die Anbieter (im Folgenden als \u201eDritt-Anbieter\u201c bezeichnet) nehmen also die IP-Adresse des jeweiligen Nutzers wahr.<\/p>\n<p>Auch wenn wir bem\u00fcht sind, ausschlie\u00dflich Dritt-Anbieter zu nutzen, welche die IP-Adresse nur ben\u00f6tigen, um Inhalte ausliefern zu k\u00f6nnen, haben wir keinen Einfluss darauf, ob die IP-Adresse m\u00f6glicherweise gespeichert wird. Dieser Vorgang dient in dem Fall unter anderem statistischen Zwecken. Sofern wir Kenntnis davon haben, dass die IP-Adresse gespeichert wird, weisen wir unsere Nutzer darauf hin.<\/p>\n<p><strong>Cookies<\/strong><\/p>\n<p>Diese Webseite verwendet sogenannte Cookies. Das sind Textdateien, die vom Server aus auf Ihrem Rechner gespeichert werden. Sie enthalten Informationen zum Browser, zur IP-Adresse, dem Betriebssystem und zur Internetverbindung. Diese Daten werden von uns nicht an Dritte weitergegeben oder ohne ihre Zustimmung mit personenbezogenen Daten verkn\u00fcpft.<\/p>\n<p>Cookies erf\u00fcllen vor allem zwei Aufgaben. Sie helfen uns, Ihnen die Navigation durch unser Angebot zu erleichtern, und erm\u00f6glichen die korrekte Darstellung der Webseite. Sie werden nicht dazu genutzt, Viren einzuschleusen oder Programme zu starten.<\/p>\n<p>Nutzer haben die M\u00f6glichkeit, unser Angebot auch ohne Cookies aufzurufen. Dazu m\u00fcssen im Browser die entsprechenden Einstellungen ge\u00e4ndert werden. Informieren Sie sich bitte \u00fcber die Hilfsfunktion Ihres Browsers, wie Cookies deaktiviert werden. Wir weisen allerdings darauf hin, dass dadurch einige Funktionen dieser Webseite m\u00f6glicherweise beeintr\u00e4chtigt werden und der Nutzungskomfort eingeschr\u00e4nkt wird. Die Seiten <a href=\"http:\/\/www.aboutads.info\/choices\/\">http:\/\/www.aboutads.info\/choices\/<\/a>(USA) und <a href=\"http:\/\/www.youronlinechoices.com\/uk\/your-ad-choices\/\">http:\/\/www.youronlinechoices.com\/uk\/your-ad-choices\/<\/a>(Europa) erlauben es Ihnen, Online-Anzeigen-Cookies zu verwalten.<\/p>\n<p><strong>Verwendung von Google Analytics<\/strong><\/p>\n<p>Diese Webseite benutzt Google Analytics, einen Webanalysedienst der Google Inc. (\u201cGoogle\u201d). Google Analytics verwendet sog. \u201cCookies\u201d, Textdateien, die auf Ihrem Computer gespeichert werden und die eine Analyse der Benutzung der Webseite durch Sie erm\u00f6glichen. Die durch den Cookie erzeugten Informationen \u00fcber Ihre Benutzung dieser Webseite werden in der Regel an einen Server von Google in den USA \u00fcbertragen und dort gespeichert. Aufgrund der Aktivierung der IP-Anonymisierung auf diesen Webseiten, wird Ihre IP-Adresse von Google jedoch innerhalb von Mitgliedstaaten der Europ\u00e4ischen Union oder in anderen Vertragsstaaten des Abkommens \u00fcber den Europ\u00e4ischen Wirtschaftsraum zuvor gek\u00fcrzt. Nur in Ausnahmef\u00e4llen wird die volle IP-Adresse an einen Server von Google in den USA \u00fcbertragen und dort gek\u00fcrzt.<\/p>\n<p>Im Auftrag des Betreibers dieser Webseite wird Google diese Informationen benutzen, um Ihre Nutzung der Webseite auszuwerten, um Reports \u00fcber die Webseitenaktivit\u00e4ten zusammenzustellen und um weitere mit der Webseitennutzung und der Internetnutzung verbundene Dienstleistungen gegen\u00fcber dem Webseitenbetreiber zu erbringen. Die im Rahmen von Google Analytics von Ihrem Browser \u00fcbermittelte IP-Adresse wird nicht mit anderen Daten von Google zusammengef\u00fchrt. Sie k\u00f6nnen die Speicherung der Cookies durch eine entsprechende Einstellung Ihrer Browser-Software verhindern. Wir weisen Sie jedoch darauf hin, dass Sie in diesem Fall gegebenenfalls nicht s\u00e4mtliche Funktionen dieser Webseite vollumf\u00e4nglich werden nutzen k\u00f6nnen.<\/p>\n<p>Sie k\u00f6nnen dar\u00fcber hinaus die Erfassung der durch das Cookie erzeugten und auf Ihre Nutzung der Webseite bezogenen Daten (inkl. Ihrer IP-Adresse) an Google sowie die Verarbeitung dieser Daten durch Google verhindern, indem sie das unter dem folgenden Link verf\u00fcgbare Browser-Plugin herunterladen und installieren: <a href=\"http:\/\/tools.google.com\/dlpage\/gaoptout?hl=de\">Browser Add On zur Deaktivierung von Google Analytics<\/a>.<\/p>\n<p>N\u00e4here Informationen zu Nutzungsbedingungen und Datenschutz finden Sie unter <a href=\"http:\/\/www.google.com\/analytics\/terms\/de.html\">http:\/\/www.google.com\/analytics\/terms\/de.html<\/a>bzw. unter <a href=\"https:\/\/www.google.de\/intl\/de\/policies\/\">https:\/\/www.google.de\/intl\/de\/policies\/<\/a>.<\/p>\n<p><strong>Facebook Social Plug-in<\/strong><\/p>\n<p>Wir binden auf unseren Webseiten Plug-ins des sozialen Netzwerks Facebook (Anschrift: 1601 South California Avenue, Palo Alto, CA 94304, USA) ein. Sie erkennen die Plug-ins &#8211; eine \u00dcbersicht finden Sie hier: <a href=\"http:\/\/developers.facebook.com\/docs\/plugins\/\">http:\/\/developers.facebook.com\/docs\/Plug-ins\/<\/a>&#8211; am Like-Button (Gef\u00e4llt mir) oder am Logo von Facebook.<\/p>\n<p>Rufen Sie eine unserer Webseiten mit Facebook Plug-in auf, wird eine direkte Verbindung mit Facebook aufgebaut. Auf die Art und den Umfang der Daten, die dabei von Facebook erhoben, gespeichert und verarbeitet werden, haben wir keinen Einfluss. Wir k\u00f6nnen Sie lediglich entsprechend unseres Kenntnisstandes informieren.<\/p>\n<p>Facebook wird \u00fcber das Plug-in informiert, dass Sie die entsprechende Webseite unseres Angebots aufgerufen haben. Das gilt auch f\u00fcr Nutzer, die nicht bei Facebook registriert sind. In dem Fall besteht die M\u00f6glichkeit, dass Facebook die IP-Adresse speichert.<\/p>\n<p>Sind Sie Mitglied bei Facebook und eingeloggt, kann der Aufruf einer Webseite mit Facebook Plug-in Ihrem Nutzerkonto bei Facebook eindeutig zugeordnet werden. Dar\u00fcber hinaus \u00fcbermitteln die Plug-ins alle Interaktionen, wenn Sie zum Beispiel den Like-Button nutzen oder einen Kommentar hinterlassen.<\/p>\n<p>Um zu verhindern, dass Facebook Daten \u00fcber Sie speichert, loggen Sie sich vor dem Besuch unserer Webseiten bitte bei Facebook aus. Sie k\u00f6nnen die Plug-ins dar\u00fcber hinaus mit Add-ons f\u00fcr den Browser blocken (zum Beispiel \u201eFacebook Blocker\u201c).<\/p>\n<p>Informationen zu den Datenschutzbestimmungen, dem Zweck und Umfang der Datenerfassung und Datenverarbeitung sowie den Einstellm\u00f6glichkeiten zum Schutz der Privatsph\u00e4re bei Facebook erhalten Sie hier: http:\/\/www.facebook.com\/privacy\/explanation.php.<\/p>\n<p><strong>Google+ Social Plug-in<\/strong><\/p>\n<p>Wir binden auf unseren Webseiten das Social Plug-in von Google+ (Google plus) ein, zu erkennen am \u201e+1\u201c Zeichen auf wei\u00dfem oder farbigem Hintergrund. Zur Verf\u00fcgung gestellt wird das Plug-in von Google Inc. (kurz Google, Anschrift: 1600 Amphitheatre Parkway, Mountain View, CA 94043, USA).<\/p>\n<p>Beim Aufruf einer Webseite mit Google+ Schaltfl\u00e4che wird eine Verbindung zu den Servern von Google aufgebaut. Google \u00fcbermittelt dabei den Inhalt der Schaltfl\u00e4che und bindet diesen auf der entsprechenden Webseite ein. Gleichzeitig erh\u00e4lt Google die Information, welche Seite gerade aufgerufen wurde. Personenbezogene Daten werden nach Aussage von Google erst dann erhoben, wenn auf die Schaltfl\u00e4che von Google+ geklickt wird. F\u00fcr Mitglieder von Google+, die eingeloggt sind, gilt: Auch ohne Interaktion speichert und verarbeitet Google zumindest die IP-Adresse. Auf den Umfang der Daten, die in diesem Zusammenhang gespeichert werden, haben wir keinen Einfluss.<\/p>\n<p>Nutzer von Google+, die in ihren Account eingeloggt sind, k\u00f6nnen unsere Webseiten mit einem Klick auf den \u201e+1\u201c-Button empfehlen. Google speichert in dem Fall nicht nur die IP-Adresse und den Browser, sondern auch den Inhalt, f\u00fcr den +1 gegeben wurde, und die Seite. Diese Informationen werden im Profil des Nutzers gespeichert und k\u00f6nnen zusammen mit dem Profilnamen und dem Bild des Nutzers in Google Diensten, zu denen auch die Suchergebnisse z\u00e4hlen, eingeblendet werden. Google nutzt die Daten unter anderem, um die eigenen Dienste zu optimieren. Hinweise zu den Datenschutzbestimmungen von Google und den Einstellm\u00f6glichkeiten zum Schutz der Privatsph\u00e4re finden Sie hier: http:\/\/www.google.de\/intl\/de\/policies\/privacy\/.<\/p>\n<p>Mitgliedern von Google Plus, die nicht m\u00f6chten, dass \u00fcber unsere Webseiten Daten von ihnen gesammelt und gespeichert werden, loggen sich vor dem Besuch unseres Angebots bitte aus ihrem Google+ Konto aus.<\/p>\n<p><strong>Twitter Social Plugin<\/strong><\/p>\n<p>Dieses Angebot nutzt Funktionen des Dienstes Twitter. Dieser wird durch die Twitter Inc., 1355 Market St, Suite 900, San Francisco, CA 94103, USA bereitgestellt. Twitter bietet die sog. \u201eTweet\u201c &#8211; Funktion an. Wenn Sie die Funktion von Twitter auf unseren Webseiten nutzen, werden die von Ihnen besuchten Webseiten mit Ihrem Twitter-Account verkn\u00fcpft und ggf. anderen Nutzern bekannt gegeben. Hierbei werden auch Daten an Twitter \u00fcbertragen.<\/p>\n<p>Von dem Inhalt der \u00fcbermittelten Daten und deren Nutzung durch Twitter erhalten wir als Anbieter keine Kenntnis. Weitere Informationen hierzu finden Sie in der Datenschutzerkl\u00e4rung von Twitter unter <a href=\"http:\/\/twitter.com\/privacy\">http:\/\/twitter.com\/privacy<\/a>.Twitter bietet Ihnen unter nachfolgendem Link die M\u00f6glichkeit, Ihre Datenschutzeinstellungen selbst festzulegen: <a href=\"http:\/\/twitter.com\/account\/settings\">http:\/\/twitter.com\/account\/settings<\/a>.<\/p>\n<p><strong>Datensparsamkeit<\/strong><\/p>\n<p>Personenbezogene Daten speichern wir gem\u00e4\u00df den Grunds\u00e4tzen der Datenvermeidung und Datensparsamkeit nur so lange, wie es erforderlich ist oder vom Gesetzgeber her vorgeschrieben wird (gesetzliche Speicherfrist). Entf\u00e4llt der Zweck der erhobenen Informationen oder endet die Speicherfrist, sperren oder l\u00f6schen wir die Daten.<\/p>\n<p><strong>\u00a0<\/strong><\/p>\n<p><strong>Ihre Rechte auf Auskunft, Berichtigung, Sperre, L\u00f6schung und Widerspruch<\/strong><\/p>\n<p>Sie haben das Recht, auf Antrag unentgeltlich eine Auskunft, \u00fcber die bei uns gespeicherten personenbezogenen Daten, anzufordern und\/oder eine Berichtigung, Sperrung oder L\u00f6schung zu verlangen. Ausnahmen: Es handelt sich um die vorgeschriebene Datenspeicherung zur Gesch\u00e4ftsabwicklung oder die Daten unterliegen der gesetzlichen Aufbewahrungspflicht.<\/p>\n<p>F\u00fcr diese Zwecke kontaktieren Sie bitte uns! Um eine Datensperre jederzeit ber\u00fccksichtigen zu k\u00f6nnen, ist es erforderlich, die Daten f\u00fcr Kontrollzwecke in einer Sperrdatei vorzuhalten. Besteht keine gesetzliche Archivierungspflicht, k\u00f6nnen Sie auch die L\u00f6schung der Daten verlangen. Anderenfalls sperren wir die Daten, sofern Sie dies w\u00fcnschen.<\/p>\n<p><strong>\u00c4nderung unserer Datenschutzerkl\u00e4rung<\/strong><\/p>\n<p>Um zu gew\u00e4hrleisten, dass unsere Datenschutzerkl\u00e4rung stets den aktuellen gesetzlichen Vorgaben entspricht, behalten wir uns jederzeit \u00c4nderungen vor. Das gilt auch f\u00fcr den Fall, dass die Datenschutzerkl\u00e4rung aufgrund neuer oder \u00fcberarbeiteter Leistungen, zum Beispiel neuer Serviceleistungen, angepasst werden muss. Die neue Datenschutzerkl\u00e4rung greift dann bei Ihrem n\u00e4chsten Besuch auf unserem Angebot.<\/p>\n<table class=\"t1\" style=\"height: 562px;\" width=\"794\" cellspacing=\"0\" cellpadding=\"0\">\n<tbody>\n<tr>\n<td class=\"td1\" valign=\"top\">\n<p class=\"p1\">Eine kurze Anfahrtsbeschreibung f\u00fcr die Anreise mit dem Auto:<\/p>\n<p class=\"p2\"><b>Anfahrt aus Norden oder S\u00fcden<\/b><\/p>\n<ul class=\"ul1\">\n<li class=\"li3\">Bundesstra\u00dfe 4 (B4) Richtung Braunschweig<\/li>\n<li class=\"li3\">aus Richtung Norden kommend: rechts abbbiegen, aus Richtung S\u00fcden kommend: links abbiegen<\/li>\n<li class=\"li3\">Landesstra\u00dfe 284 (L284) Richtung Hohne<\/li>\n<li class=\"li3\">in Hohne links abbiegen<\/li>\n<li class=\"li3\">Landesstra\u00dfe 283 (L283) Richtung M\u00fcden\/Aller<\/li>\n<li class=\"li3\">links abbiegen<\/li>\n<li class=\"li3\">Kreisstra\u00dfe 66 (K66) Richtung Richtung Hahnenhorn<\/li>\n<li class=\"li3\">in Hahnenhorn: K66 = Birkenstra\u00dfe<\/li>\n<li class=\"li3\">weiter gerade aus bis zur Stra\u00dfe \u201cAm Eichengrund\u201d, dort die Hausnummer 11 aufsuchen <b>=&gt; Ziel erreicht<\/b><\/li>\n<\/ul>\n<p class=\"p2\"><b>Anfahrt aus Westen oder Osten<\/b><\/p>\n<ul class=\"ul1\">\n<li class=\"li3\">Bundesstra\u00dfe 188 (B188) Richtung Gifhorn<\/li>\n<li class=\"li3\">in Ahnsen abbiegen<\/li>\n<li class=\"li3\">Landesstra\u00dfe 299 (L299) Richtung M\u00fcden\/Aller<\/li>\n<li class=\"li3\">Landesstra\u00dfe 283 (L283) Richtung M\u00fcden\/Aller<\/li>\n<li class=\"li3\">rechts abbiegen<\/li>\n<li class=\"li3\">Kreisstra\u00dfe 66 (K66) Richtung Richtung Hahnenhorn<\/li>\n<li class=\"li3\">in Hahnenhorn: K66 = Birkenstra\u00dfe<\/li>\n<li class=\"li3\">weiter gerade aus bis zur Stra\u00dfe \u201cAm Eichengrund\u201d, dort die Hausnummer 11 aufsuchen <b>=&gt; Ziel erreicht<\/b><\/li>\n<\/ul>\n<\/td>\n<\/tr>\n<\/tbody>\n<\/table>\n<p class=\"p4\">\n<\/div>\n<\/div>\n<\/div>\n<\/div>\n<\/div>\n<\/div>\n","protected":false},"excerpt":{"rendered":"<p>Tischlermeister Hilmar Meyer Ihre Zufriedenheit ist unser Ziel! Impressum Angaben gem\u00e4\u00df \u00a7 5 TMG: Tischlerei Meyer Hilmar Meyer Am Eichengrund 11 38539 M\u00fcden\u00a0 OT Hahnenhorn Telekommunikation Telefon: (0 53 75) 9 82 22 37 Telefax: (0 53 75) 9 82 &hellip; <a href=\"https:\/\/www.tischlermeister-meyer.de\/?page_id=80\">Weiterlesen <span class=\"meta-nav\">&rarr;<\/span><\/a><\/p>\n","protected":false},"author":1,"featured_media":0,"parent":0,"menu_order":0,"comment_status":"closed","ping_status":"closed","template":"","meta":{"footnotes":""},"class_list":["post-80","page","type-page","status-publish","hentry"],"_links":{"self":[{"href":"https:\/\/www.tischlermeister-meyer.de\/index.php?rest_route=\/wp\/v2\/pages\/80","targetHints":{"allow":["GET"]}}],"collection":[{"href":"https:\/\/www.tischlermeister-meyer.de\/index.php?rest_route=\/wp\/v2\/pages"}],"about":[{"href":"https:\/\/www.tischlermeister-meyer.de\/index.php?rest_route=\/wp\/v2\/types\/page"}],"author":[{"embeddable":true,"href":"https:\/\/www.tischlermeister-meyer.de\/index.php?rest_route=\/wp\/v2\/users\/1"}],"replies":[{"embeddable":true,"href":"https:\/\/www.tischlermeister-meyer.de\/index.php?rest_route=%2Fwp%2Fv2%2Fcomments&post=80"}],"version-history":[{"count":14,"href":"https:\/\/www.tischlermeister-meyer.de\/index.php?rest_route=\/wp\/v2\/pages\/80\/revisions"}],"predecessor-version":[{"id":1621,"href":"https:\/\/www.tischlermeister-meyer.de\/index.php?rest_route=\/wp\/v2\/pages\/80\/revisions\/1621"}],"wp:attachment":[{"href":"https:\/\/www.tischlermeister-meyer.de\/index.php?rest_route=%2Fwp%2Fv2%2Fmedia&parent=80"}],"curies":[{"name":"wp","href":"https:\/\/api.w.org\/{rel}","templated":true}]}}