{"id":77,"date":"2016-10-06T20:07:04","date_gmt":"2016-10-06T20:07:04","guid":{"rendered":"http:\/\/tischlermeister-meyer.de\/web\/?page_id=77"},"modified":"2026-01-28T15:54:40","modified_gmt":"2026-01-28T15:54:40","slug":"mitarbeiter","status":"publish","type":"page","link":"https:\/\/www.tischlermeister-meyer.de\/?page_id=77","title":{"rendered":"\u00dcber Uns"},"content":{"rendered":"<h1>\u00dcber Uns und unsere Mitarbeiter<\/h1>\n<h1 style=\"text-align: center;\">Tischlermeister Hilmar Meyer<\/h1>\n<p style=\"text-align: center;\">Ihre Zufriedenheit ist unser Ziel!<\/p>\n<p style=\"text-align: center;\"><span style=\"font-size: large;\"><strong><a href=\"https:\/\/www.tischlermeister-meyer.de\/wp-content\/uploads\/2026\/01\/IMG_3885-scaled.jpg\"><img loading=\"lazy\" decoding=\"async\" class=\"alignnone wp-image-1727 size-full\" src=\"https:\/\/www.tischlermeister-meyer.de\/wp-content\/uploads\/2026\/01\/IMG_3885-scaled.jpg\" alt=\"\" width=\"2180\" height=\"2560\" srcset=\"https:\/\/www.tischlermeister-meyer.de\/wp-content\/uploads\/2026\/01\/IMG_3885-scaled.jpg 2180w, https:\/\/www.tischlermeister-meyer.de\/wp-content\/uploads\/2026\/01\/IMG_3885-255x300.jpg 255w, https:\/\/www.tischlermeister-meyer.de\/wp-content\/uploads\/2026\/01\/IMG_3885-872x1024.jpg 872w, https:\/\/www.tischlermeister-meyer.de\/wp-content\/uploads\/2026\/01\/IMG_3885-768x902.jpg 768w, https:\/\/www.tischlermeister-meyer.de\/wp-content\/uploads\/2026\/01\/IMG_3885-1308x1536.jpg 1308w, https:\/\/www.tischlermeister-meyer.de\/wp-content\/uploads\/2026\/01\/IMG_3885-1744x2048.jpg 1744w\" sizes=\"auto, (max-width: 2180px) 100vw, 2180px\" \/><\/a><\/strong><\/span><\/p>\n<h1 style=\"text-align: center;\">\u00dcber Uns<\/h1>\n<p style=\"text-align: center;\"><span style=\"font-size: large;\">Mein Name ist <strong>Hilmar Meyer<\/strong>, verheiratet, 3 Kinder.<\/span><\/p>\n<p style=\"text-align: center;\"><span style=\"font-size: large;\">Wir sind aktive Mitglieder in der <a href=\"http:\/\/www.johannes-gemeinde.de\/\">Johannes-Gemeinde, M\u00fcden (Aller)<\/a>.<\/span><\/p>\n<p style=\"text-align: center;\"><span style=\"font-size: large;\">Seit dem 01.09.2005 sind wir selbst\u00e4ndig.<\/span><\/p>\n<p style=\"text-align: center;\"><span style=\"font-size: large;\">Mein Firmenleitsatz <strong>\u201cM\u00f6bel, Raum- und Objektausstattungen aus meisterlicher Hand\u201d <\/strong>fast dabei zusammen, was den Betrieb ausmacht.<\/span><\/p>\n<p style=\"text-align: center;\"><span style=\"font-size: large;\">Schwerpunkt des Unternehmens sind die Bereiche \u2018Bau- und M\u00f6beltischlerei\u2019.<\/span><\/p>\n<p style=\"text-align: center;\"><span style=\"font-size: large;\">Mein Ziel ist es, Sie auf kreative Art und Weise in der Neu- und Umgestaltung ihrer <strong>Inneneinrichtung <\/strong>zu unterst\u00fctzen.<\/span><\/p>\n<p style=\"text-align: center;\"><span style=\"font-size: large;\"> Dazu geh\u00f6ren unter anderem helle, offene und freundlich <\/span><span style=\"font-size: large;\">gestaltete M\u00f6bel, die in Funktionalit\u00e4t und Design begeistern.<\/span><\/p>\n<p style=\"text-align: center;\"><span style=\"font-size: large;\">Auch im <strong>Au\u00dfenbereich <\/strong>sind wir ein kompetenter Ansprechpartner f\u00fcr Sie, wenn es um Terrassengestaltung, Fenster, Haust\u00fcren, \u00dcberdachungen u.v.m. geht.<\/span><\/p>\n<p style=\"text-align: center;\"><span style=\"font-size: x-large;\"><strong>Unsere Mitarbeiter sind unser gr\u00f6\u00dftes Gut.<\/strong><\/span><\/p>\n<p style=\"text-align: center;\"><span style=\"font-size: large;\">Ohne sie l\u00e4uft gar nichts! Regelm\u00e4\u00dfiger Austausch sorgt f\u00fcr eine hohe\u00a0Mitarbeiterzufriedenheit und bietet die M\u00f6glichkeit, sich aktiv am Geschehen zu beteiligen.<\/span><\/p>\n<p style=\"text-align: center;\"><span style=\"font-size: large;\">Der respektvolle und freundliche Umgang miteinander, pr\u00e4gt unser Arbeitsklima und ist auf Baustellen auch f\u00fcr Kunden deutlich sp\u00fcrbar.<\/span><\/p>\n<p style=\"text-align: center;\"><span style=\"font-size: large;\">Selbst\u00e4ndig denken, planen und handeln fasst dabei zusammen, was unseren Arbeitsalltag ausmacht!<\/span><\/p>\n<p style=\"text-align: center;\"><span style=\"font-size: large;\">Durch das umfangreiche Angebot an Treppen, M\u00f6beln, Innenausbau und Bauelementen, bedienen wir fast alle W\u00fcnsche unserer Kunden.<\/span><\/p>\n<p style=\"text-align: center;\"><span style=\"font-size: large;\">Die Ausbildung ist fundiert und vielf\u00e4ltig. <\/span><\/p>\n<p style=\"text-align: center;\"><span style=\"font-size: large;\">Zudem profitieren die Lehrlinge von der langj\u00e4hrigen Berufserfahrung der Kollegen <\/span><span style=\"font-size: large;\">und werden sach- und fachgerecht angeleitet.<\/span><\/p>\n<p style=\"text-align: center;\">\n<p style=\"text-align: center;\">\n\n\n<div class=\"wp-block-columns is-layout-flex wp-container-core-columns-is-layout-9d6595d7 wp-block-columns-is-layout-flex\">\n<div class=\"wp-block-column is-layout-flow wp-block-column-is-layout-flow\" style=\"flex-basis:100%\">\n<ul class=\"wp-block-list\">\n<li><img loading=\"lazy\" decoding=\"async\" width=\"150\" height=\"200\" class=\"wp-image-2036\" style=\"width: 150px;\" src=\"https:\/\/www.tischlermeister-meyer.de\/wp-content\/uploads\/2026\/01\/IMG_3091.jpeg\" alt=\"\" srcset=\"https:\/\/www.tischlermeister-meyer.de\/wp-content\/uploads\/2026\/01\/IMG_3091.jpeg 1512w, https:\/\/www.tischlermeister-meyer.de\/wp-content\/uploads\/2026\/01\/IMG_3091-225x300.jpeg 225w, https:\/\/www.tischlermeister-meyer.de\/wp-content\/uploads\/2026\/01\/IMG_3091-768x1024.jpeg 768w, https:\/\/www.tischlermeister-meyer.de\/wp-content\/uploads\/2026\/01\/IMG_3091-1152x1536.jpeg 1152w\" sizes=\"auto, (max-width: 150px) 100vw, 150px\" \/> Hilmar Meyer, Inhaber, Telefon <a href=\"tel:053759822237\">+495375-9822237<\/a>                     Mobil<a href=\"tel:01631649816\"> +49163-1649816<\/a><\/li>\n\n\n\n<li><img loading=\"lazy\" decoding=\"async\" width=\"150\" height=\"225\" class=\"wp-image-2038\" style=\"width: 150px;\" src=\"https:\/\/www.tischlermeister-meyer.de\/wp-content\/uploads\/2026\/01\/IMG_0089-scaled.jpg\" alt=\"\" srcset=\"https:\/\/www.tischlermeister-meyer.de\/wp-content\/uploads\/2026\/01\/IMG_0089-scaled.jpg 1707w, https:\/\/www.tischlermeister-meyer.de\/wp-content\/uploads\/2026\/01\/IMG_0089-200x300.jpg 200w, https:\/\/www.tischlermeister-meyer.de\/wp-content\/uploads\/2026\/01\/IMG_0089-683x1024.jpg 683w, https:\/\/www.tischlermeister-meyer.de\/wp-content\/uploads\/2026\/01\/IMG_0089-768x1152.jpg 768w, https:\/\/www.tischlermeister-meyer.de\/wp-content\/uploads\/2026\/01\/IMG_0089-1024x1536.jpg 1024w, https:\/\/www.tischlermeister-meyer.de\/wp-content\/uploads\/2026\/01\/IMG_0089-1365x2048.jpg 1365w\" sizes=\"auto, (max-width: 150px) 100vw, 150px\" \/> Micha Ulmer, Tischlermeister, Bereich M\u00f6bel- und Treppenbau, Telefon 05375-9822218<\/li>\n\n\n\n<li><img loading=\"lazy\" decoding=\"async\" width=\"150\" height=\"225\" class=\"wp-image-421\" style=\"width: 150px;\" src=\"https:\/\/www.tischlermeister-meyer.de\/wp-content\/uploads\/2018\/10\/MK.jpg\" alt=\"\" srcset=\"https:\/\/www.tischlermeister-meyer.de\/wp-content\/uploads\/2018\/10\/MK.jpg 1280w, https:\/\/www.tischlermeister-meyer.de\/wp-content\/uploads\/2018\/10\/MK-200x300.jpg 200w, https:\/\/www.tischlermeister-meyer.de\/wp-content\/uploads\/2018\/10\/MK-768x1152.jpg 768w, https:\/\/www.tischlermeister-meyer.de\/wp-content\/uploads\/2018\/10\/MK-683x1024.jpg 683w\" sizes=\"auto, (max-width: 150px) 100vw, 150px\" \/> Michael Kr\u00fcger, Altgeselle, Telefon 05375-9822218<\/li>\n\n\n\n<li><img loading=\"lazy\" decoding=\"async\" width=\"150\" height=\"225\" class=\"wp-image-2039\" style=\"width: 150px;\" src=\"https:\/\/www.tischlermeister-meyer.de\/wp-content\/uploads\/2026\/01\/IMG_0080-scaled.jpg\" alt=\"\" srcset=\"https:\/\/www.tischlermeister-meyer.de\/wp-content\/uploads\/2026\/01\/IMG_0080-scaled.jpg 1707w, https:\/\/www.tischlermeister-meyer.de\/wp-content\/uploads\/2026\/01\/IMG_0080-200x300.jpg 200w, https:\/\/www.tischlermeister-meyer.de\/wp-content\/uploads\/2026\/01\/IMG_0080-683x1024.jpg 683w, https:\/\/www.tischlermeister-meyer.de\/wp-content\/uploads\/2026\/01\/IMG_0080-768x1152.jpg 768w, https:\/\/www.tischlermeister-meyer.de\/wp-content\/uploads\/2026\/01\/IMG_0080-1024x1536.jpg 1024w, https:\/\/www.tischlermeister-meyer.de\/wp-content\/uploads\/2026\/01\/IMG_0080-1365x2048.jpg 1365w\" sizes=\"auto, (max-width: 150px) 100vw, 150px\" \/> Janosch Fesser, Tischlergeselle, Experte f\u00fcr Bauelemente, Trocken- und Innenausbau<\/li>\n\n\n\n<li><img loading=\"lazy\" decoding=\"async\" width=\"150\" height=\"215\" class=\"wp-image-2047\" style=\"width: 150px;\" src=\"https:\/\/www.tischlermeister-meyer.de\/wp-content\/uploads\/2026\/01\/IMG_0040-kopie-scaled.jpg\" alt=\"\" srcset=\"https:\/\/www.tischlermeister-meyer.de\/wp-content\/uploads\/2026\/01\/IMG_0040-kopie-scaled.jpg 1787w, https:\/\/www.tischlermeister-meyer.de\/wp-content\/uploads\/2026\/01\/IMG_0040-kopie-209x300.jpg 209w, https:\/\/www.tischlermeister-meyer.de\/wp-content\/uploads\/2026\/01\/IMG_0040-kopie-715x1024.jpg 715w, https:\/\/www.tischlermeister-meyer.de\/wp-content\/uploads\/2026\/01\/IMG_0040-kopie-768x1100.jpg 768w, https:\/\/www.tischlermeister-meyer.de\/wp-content\/uploads\/2026\/01\/IMG_0040-kopie-1072x1536.jpg 1072w, https:\/\/www.tischlermeister-meyer.de\/wp-content\/uploads\/2026\/01\/IMG_0040-kopie-1430x2048.jpg 1430w\" sizes=\"auto, (max-width: 150px) 100vw, 150px\" \/> Jean-Claude Kouam\u00e9, Tischlergeselle, Fachbereich Bauelemente, M\u00f6bel- und Treppenbau<\/li>\n\n\n\n<li><img loading=\"lazy\" decoding=\"async\" width=\"150\" height=\"200\" class=\"wp-image-2041\" style=\"width: 150px;\" src=\"https:\/\/www.tischlermeister-meyer.de\/wp-content\/uploads\/2026\/01\/IMG_3083.jpeg\" alt=\"\" srcset=\"https:\/\/www.tischlermeister-meyer.de\/wp-content\/uploads\/2026\/01\/IMG_3083.jpeg 1512w, https:\/\/www.tischlermeister-meyer.de\/wp-content\/uploads\/2026\/01\/IMG_3083-225x300.jpeg 225w, https:\/\/www.tischlermeister-meyer.de\/wp-content\/uploads\/2026\/01\/IMG_3083-768x1024.jpeg 768w, https:\/\/www.tischlermeister-meyer.de\/wp-content\/uploads\/2026\/01\/IMG_3083-1152x1536.jpeg 1152w\" sizes=\"auto, (max-width: 150px) 100vw, 150px\" \/> Oskar Willgeroth, Tischlergeselle, Fachbereich M\u00f6bel- und Treppenbau<\/li>\n\n\n\n<li><img loading=\"lazy\" decoding=\"async\" width=\"150\" height=\"200\" class=\"wp-image-2042\" style=\"width: 150px;\" src=\"https:\/\/www.tischlermeister-meyer.de\/wp-content\/uploads\/2026\/01\/IMG_3086.jpeg\" alt=\"\" srcset=\"https:\/\/www.tischlermeister-meyer.de\/wp-content\/uploads\/2026\/01\/IMG_3086.jpeg 1512w, https:\/\/www.tischlermeister-meyer.de\/wp-content\/uploads\/2026\/01\/IMG_3086-225x300.jpeg 225w, https:\/\/www.tischlermeister-meyer.de\/wp-content\/uploads\/2026\/01\/IMG_3086-768x1024.jpeg 768w, https:\/\/www.tischlermeister-meyer.de\/wp-content\/uploads\/2026\/01\/IMG_3086-1152x1536.jpeg 1152w\" sizes=\"auto, (max-width: 150px) 100vw, 150px\" \/>Steffen Meier, Tischlergeselle, Fachbereich M\u00f6bel- und Treppenbau<\/li>\n\n\n\n<li><img loading=\"lazy\" decoding=\"async\" width=\"150\" height=\"225\" class=\"wp-image-2043\" style=\"width: 150px;\" src=\"https:\/\/www.tischlermeister-meyer.de\/wp-content\/uploads\/2026\/01\/IMG_0092-scaled.jpg\" alt=\"\" srcset=\"https:\/\/www.tischlermeister-meyer.de\/wp-content\/uploads\/2026\/01\/IMG_0092-scaled.jpg 1707w, https:\/\/www.tischlermeister-meyer.de\/wp-content\/uploads\/2026\/01\/IMG_0092-200x300.jpg 200w, https:\/\/www.tischlermeister-meyer.de\/wp-content\/uploads\/2026\/01\/IMG_0092-683x1024.jpg 683w, https:\/\/www.tischlermeister-meyer.de\/wp-content\/uploads\/2026\/01\/IMG_0092-768x1152.jpg 768w, https:\/\/www.tischlermeister-meyer.de\/wp-content\/uploads\/2026\/01\/IMG_0092-1024x1536.jpg 1024w, https:\/\/www.tischlermeister-meyer.de\/wp-content\/uploads\/2026\/01\/IMG_0092-1365x2048.jpg 1365w\" sizes=\"auto, (max-width: 150px) 100vw, 150px\" \/> Iris Washausen, B\u00fcrokraft Telefon <a href=\"tel:053759822238\">+495375-9822238<\/a><\/li>\n\n\n\n<li><img loading=\"lazy\" decoding=\"async\" width=\"150\" height=\"200\" class=\"wp-image-2054\" style=\"width: 150px;\" src=\"https:\/\/www.tischlermeister-meyer.de\/wp-content\/uploads\/2026\/01\/20260127_093046-scaled.jpg\" alt=\"\" srcset=\"https:\/\/www.tischlermeister-meyer.de\/wp-content\/uploads\/2026\/01\/20260127_093046-scaled.jpg 1920w, https:\/\/www.tischlermeister-meyer.de\/wp-content\/uploads\/2026\/01\/20260127_093046-225x300.jpg 225w, https:\/\/www.tischlermeister-meyer.de\/wp-content\/uploads\/2026\/01\/20260127_093046-768x1024.jpg 768w, https:\/\/www.tischlermeister-meyer.de\/wp-content\/uploads\/2026\/01\/20260127_093046-1152x1536.jpg 1152w, https:\/\/www.tischlermeister-meyer.de\/wp-content\/uploads\/2026\/01\/20260127_093046-1536x2048.jpg 1536w\" sizes=\"auto, (max-width: 150px) 100vw, 150px\" \/> Sabine Meyer, Buchhaltung\n<ul class=\"wp-block-list\">\n<li><\/li>\n<\/ul>\n<\/li>\n\n\n\n<li><img loading=\"lazy\" decoding=\"async\" width=\"150\" height=\"200\" class=\"wp-image-2044\" style=\"width: 150px;\" src=\"https:\/\/www.tischlermeister-meyer.de\/wp-content\/uploads\/2026\/01\/IMG_3102.jpeg\" alt=\"\" srcset=\"https:\/\/www.tischlermeister-meyer.de\/wp-content\/uploads\/2026\/01\/IMG_3102.jpeg 1512w, https:\/\/www.tischlermeister-meyer.de\/wp-content\/uploads\/2026\/01\/IMG_3102-225x300.jpeg 225w, https:\/\/www.tischlermeister-meyer.de\/wp-content\/uploads\/2026\/01\/IMG_3102-768x1024.jpeg 768w, https:\/\/www.tischlermeister-meyer.de\/wp-content\/uploads\/2026\/01\/IMG_3102-1152x1536.jpeg 1152w\" sizes=\"auto, (max-width: 150px) 100vw, 150px\" \/> Lares Wehmeier, Auszubildender im 3. Jahr<\/li>\n\n\n\n<li><img loading=\"lazy\" decoding=\"async\" width=\"150\" height=\"225\" class=\"wp-image-2045\" style=\"width: 150px;\" src=\"https:\/\/www.tischlermeister-meyer.de\/wp-content\/uploads\/2026\/01\/IMG_0064-scaled.jpg\" alt=\"\" srcset=\"https:\/\/www.tischlermeister-meyer.de\/wp-content\/uploads\/2026\/01\/IMG_0064-scaled.jpg 1707w, https:\/\/www.tischlermeister-meyer.de\/wp-content\/uploads\/2026\/01\/IMG_0064-200x300.jpg 200w, https:\/\/www.tischlermeister-meyer.de\/wp-content\/uploads\/2026\/01\/IMG_0064-683x1024.jpg 683w, https:\/\/www.tischlermeister-meyer.de\/wp-content\/uploads\/2026\/01\/IMG_0064-768x1152.jpg 768w, https:\/\/www.tischlermeister-meyer.de\/wp-content\/uploads\/2026\/01\/IMG_0064-1024x1536.jpg 1024w, https:\/\/www.tischlermeister-meyer.de\/wp-content\/uploads\/2026\/01\/IMG_0064-1365x2048.jpg 1365w\" sizes=\"auto, (max-width: 150px) 100vw, 150px\" \/> Nando Tersch, Auszubildener im 2. Jahr<\/li>\n<\/ul>\n<\/div>\n<\/div>\n","protected":false},"excerpt":{"rendered":"<p>\u00dcber Uns und unsere Mitarbeiter Tischlermeister Hilmar Meyer Ihre Zufriedenheit ist unser Ziel! \u00dcber Uns Mein Name ist Hilmar Meyer, verheiratet, 3 Kinder. Wir sind aktive Mitglieder in der Johannes-Gemeinde, M\u00fcden (Aller). Seit dem 01.09.2005 sind wir selbst\u00e4ndig. Mein Firmenleitsatz &hellip; <a href=\"https:\/\/www.tischlermeister-meyer.de\/?page_id=77\">Weiterlesen <span class=\"meta-nav\">&rarr;<\/span><\/a><\/p>\n","protected":false},"author":1,"featured_media":0,"parent":0,"menu_order":0,"comment_status":"closed","ping_status":"closed","template":"","meta":{"footnotes":""},"class_list":["post-77","page","type-page","status-publish","hentry"],"_links":{"self":[{"href":"https:\/\/www.tischlermeister-meyer.de\/index.php?rest_route=\/wp\/v2\/pages\/77","targetHints":{"allow":["GET"]}}],"collection":[{"href":"https:\/\/www.tischlermeister-meyer.de\/index.php?rest_route=\/wp\/v2\/pages"}],"about":[{"href":"https:\/\/www.tischlermeister-meyer.de\/index.php?rest_route=\/wp\/v2\/types\/page"}],"author":[{"embeddable":true,"href":"https:\/\/www.tischlermeister-meyer.de\/index.php?rest_route=\/wp\/v2\/users\/1"}],"replies":[{"embeddable":true,"href":"https:\/\/www.tischlermeister-meyer.de\/index.php?rest_route=%2Fwp%2Fv2%2Fcomments&post=77"}],"version-history":[{"count":54,"href":"https:\/\/www.tischlermeister-meyer.de\/index.php?rest_route=\/wp\/v2\/pages\/77\/revisions"}],"predecessor-version":[{"id":2058,"href":"https:\/\/www.tischlermeister-meyer.de\/index.php?rest_route=\/wp\/v2\/pages\/77\/revisions\/2058"}],"wp:attachment":[{"href":"https:\/\/www.tischlermeister-meyer.de\/index.php?rest_route=%2Fwp%2Fv2%2Fmedia&parent=77"}],"curies":[{"name":"wp","href":"https:\/\/api.w.org\/{rel}","templated":true}]}}