{"id":2,"date":"2014-11-21T04:51:49","date_gmt":"2014-11-21T04:51:49","guid":{"rendered":"http:\/\/localhost\/wordpress-4.0.1\/wordpress\/?page_id=2"},"modified":"2026-01-14T11:09:19","modified_gmt":"2026-01-14T11:09:19","slug":"sample-page","status":"publish","type":"page","link":"https:\/\/www.tischlermeister-meyer.de\/","title":{"rendered":"Willkommen"},"content":{"rendered":"<h1 style=\"text-align: center;\">Tischlermeister Hilmar Meyer<\/h1>\n<p style=\"text-align: center;\">Ihre Zufriedenheit ist unser Ziel!<\/p>\n<p>&nbsp;<\/p>\n<p><a href=\"https:\/\/www.tischlermeister-meyer.de\/wp-content\/uploads\/2026\/01\/IMG_3885-scaled.jpg\"><img loading=\"lazy\" decoding=\"async\" class=\"alignnone wp-image-1727 size-full\" src=\"https:\/\/www.tischlermeister-meyer.de\/wp-content\/uploads\/2026\/01\/IMG_3885-scaled.jpg\" alt=\"\" width=\"2180\" height=\"2560\" srcset=\"https:\/\/www.tischlermeister-meyer.de\/wp-content\/uploads\/2026\/01\/IMG_3885-scaled.jpg 2180w, https:\/\/www.tischlermeister-meyer.de\/wp-content\/uploads\/2026\/01\/IMG_3885-255x300.jpg 255w, https:\/\/www.tischlermeister-meyer.de\/wp-content\/uploads\/2026\/01\/IMG_3885-872x1024.jpg 872w, https:\/\/www.tischlermeister-meyer.de\/wp-content\/uploads\/2026\/01\/IMG_3885-768x902.jpg 768w, https:\/\/www.tischlermeister-meyer.de\/wp-content\/uploads\/2026\/01\/IMG_3885-1308x1536.jpg 1308w, https:\/\/www.tischlermeister-meyer.de\/wp-content\/uploads\/2026\/01\/IMG_3885-1744x2048.jpg 1744w\" sizes=\"auto, (max-width: 2180px) 100vw, 2180px\" \/><\/a><\/p>\n<p><span style=\"font-size: large;\">Ich begr\u00fc\u00dfe Sie auf der Homepage der <strong>Tischlerei Meyer, <\/strong>Inh. Hilmar Meyer<\/span><\/p>\n<p><span style=\"font-size: large;\">aus M\u00fcden\/Aller, OT Hahnenhorn.<\/span><\/p>\n<p><span style=\"font-size: large;\">Auf diesen Seiten m\u00f6chte ich Ihnen den Betrieb und unsere Produktvielfalt vorstellen.<\/span><\/p>\n<p><span style=\"font-size: large;\">Wenn Sie Fragen haben oder weitere Informationen ben\u00f6tigen, rufen Sie uns gern an oder schreiben eine Mail.<\/span><\/p>\n<p><span style=\"font-size: large;\"><em>Hilmar Meyer und Team<\/em><\/span><\/p>\n<p><a href=\"https:\/\/www.tischlernord.de\/infos-fuer-kunden\/\">Tischler Nord<\/a><\/p>\n<p><a href=\"https:\/\/www.born2btischler.de\/tischler-sein\/\">Born2btischler<\/a><\/p>\n","protected":false},"excerpt":{"rendered":"<p>Tischlermeister Hilmar Meyer Ihre Zufriedenheit ist unser Ziel! &nbsp; Ich begr\u00fc\u00dfe Sie auf der Homepage der Tischlerei Meyer, Inh. Hilmar Meyer aus M\u00fcden\/Aller, OT Hahnenhorn. Auf diesen Seiten m\u00f6chte ich Ihnen den Betrieb und unsere Produktvielfalt vorstellen. Wenn Sie Fragen &hellip; <a href=\"https:\/\/www.tischlermeister-meyer.de\/\">Weiterlesen <span class=\"meta-nav\">&rarr;<\/span><\/a><\/p>\n","protected":false},"author":1,"featured_media":0,"parent":0,"menu_order":0,"comment_status":"closed","ping_status":"closed","template":"","meta":{"footnotes":""},"class_list":["post-2","page","type-page","status-publish","hentry"],"_links":{"self":[{"href":"https:\/\/www.tischlermeister-meyer.de\/index.php?rest_route=\/wp\/v2\/pages\/2","targetHints":{"allow":["GET"]}}],"collection":[{"href":"https:\/\/www.tischlermeister-meyer.de\/index.php?rest_route=\/wp\/v2\/pages"}],"about":[{"href":"https:\/\/www.tischlermeister-meyer.de\/index.php?rest_route=\/wp\/v2\/types\/page"}],"author":[{"embeddable":true,"href":"https:\/\/www.tischlermeister-meyer.de\/index.php?rest_route=\/wp\/v2\/users\/1"}],"replies":[{"embeddable":true,"href":"https:\/\/www.tischlermeister-meyer.de\/index.php?rest_route=%2Fwp%2Fv2%2Fcomments&post=2"}],"version-history":[{"count":68,"href":"https:\/\/www.tischlermeister-meyer.de\/index.php?rest_route=\/wp\/v2\/pages\/2\/revisions"}],"predecessor-version":[{"id":1729,"href":"https:\/\/www.tischlermeister-meyer.de\/index.php?rest_route=\/wp\/v2\/pages\/2\/revisions\/1729"}],"wp:attachment":[{"href":"https:\/\/www.tischlermeister-meyer.de\/index.php?rest_route=%2Fwp%2Fv2%2Fmedia&parent=2"}],"curies":[{"name":"wp","href":"https:\/\/api.w.org\/{rel}","templated":true}]}}